{"id":87,"date":"2025-03-27T16:51:27","date_gmt":"2025-03-27T16:51:27","guid":{"rendered":"https:\/\/siapatam.com\/?page_id=87"},"modified":"2026-02-27T20:47:46","modified_gmt":"2026-02-27T20:47:46","slug":"sevac-2024","status":"publish","type":"page","link":"https:\/\/siapatam.com\/index.php\/sevac-2024\/","title":{"rendered":"SEVAC 2024"},"content":{"rendered":"<p><strong>Estados Presupuestales<\/strong><\/p>\n<p><a href=\"https:\/\/siapatam.com\/wp-content\/uploads\/2025\/04\/EdoAnaliticoPresupuestoEgresosClasAdmin.pdf\" target=\"_blank\" rel=\"noopener\">Estado anal\u00edtico del ejercicio del presupuesto de egresos en clasificaci\u00f3n administrativa (armonizado)<\/a><br \/>\n<a href=\"https:\/\/siapatam.com\/wp-content\/uploads\/2025\/04\/Edoanalitic_ejerpresupuesto_egresos_Clas_eco.pdf\" target=\"_blank\" rel=\"noopener\">Estado anal\u00edtico del ejercicio del presupuesto de egresos en clasificaci\u00f3n econ\u00f3mica (armonizado)<\/a><br \/>\n<a href=\"https:\/\/siapatam.com\/wp-content\/uploads\/2025\/04\/EdoAnaliticoPresupuestoEgresosClasFun.pdf\" target=\"_blank\" rel=\"noopener\">Estado anal\u00edtico del ejercicio del presupuesto de egresos en clasificaci\u00f3n funcional-program\u00e1tica<\/a><br \/>\n<a href=\"https:\/\/siapatam.com\/wp-content\/uploads\/2025\/04\/Edoanalitic_ejerpresupuesto_egresos_Clasobjetogasto.pdf\" target=\"_blank\" rel=\"noopener\">Estado anal\u00edtico del ejercicio del presupuesto de egresos en clasificaci\u00f3n por objeto del gasto (armonizado)<\/a><br \/>\n<a href=\"https:\/\/siapatam.com\/wp-content\/uploads\/2025\/04\/EdoAnalitic_ing_det.pdf\" target=\"_blank\" rel=\"noopener\">Estado anal\u00edtico del ingreso<\/a><\/p>\n<p><a href=\"https:\/\/siapatam.com\/wp-content\/uploads\/2025\/04\/EdoAnaliticIngFuentedeFin.pdf\" target=\"_blank\" rel=\"noopener\">Estado Anal\u00edtico del Ingreso por fuentes de financiamiento<\/a><\/p>\n<p><strong>Estados Financieros<\/strong><\/p>\n<p><a href=\"https:\/\/siapatam.com\/wp-content\/uploads\/2025\/04\/EdoSituacionFin.pdf\" target=\"_blank\" rel=\"noopener\">Estado de situaci\u00f3n financiera<\/a><br \/>\n<a href=\"https:\/\/siapatam.com\/wp-content\/uploads\/2025\/04\/EdoActividades.pdf\" target=\"_blank\" rel=\"noopener\">Estado de actividades<\/a><br \/>\n<a href=\"https:\/\/siapatam.com\/wp-content\/uploads\/2025\/04\/EdoCambSitFina.pdf\" target=\"_blank\" rel=\"noopener\">Estado de cambios en la situaci\u00f3n financiera<\/a><br \/>\n<a href=\"https:\/\/siapatam.com\/wp-content\/uploads\/2025\/04\/EdodevariaciondelaHacienda.pdf\" target=\"_blank\" rel=\"noopener\">Estado de variaci\u00f3n en la hacienda p\u00fablica<\/a><br \/>\n<a href=\"https:\/\/siapatam.com\/wp-content\/uploads\/2025\/04\/EdoAnalitcoActivo.pdf\" target=\"_blank\" rel=\"noopener\">Estado anal\u00edtico del activo<\/a><br \/>\n<a href=\"https:\/\/siapatam.com\/wp-content\/uploads\/2025\/04\/InformeAnaliticoDeudaP.pdf\" target=\"_blank\" rel=\"noopener\">Estado anal\u00edtico de la deuda y otros pasivos<\/a><br \/>\nEstado de flujos de efectivo<\/p>\n<p><strong>Patrimonio del ente p\u00fablico<\/strong><\/p>\n<p><a href=\"https:\/\/siapatam.com\/wp-content\/uploads\/2026\/02\/Relacion-Bienes-Muebles.pdf\">Relaci\u00f3n de Bienes Muebles<\/a><\/p>\n<p>Relaci\u00f3n de Bienes Inmuebles<\/p>\n<p>&nbsp;<\/p>\n<p><a href=\"https:\/\/siapatam.com\/wp-content\/uploads\/2025\/04\/InfPasivosCont.pdf\" target=\"_blank\" rel=\"noopener\"><strong>Informe de Pasivos Contingentes<\/strong><\/a><\/p>\n<p><a href=\"https:\/\/siapatam.com\/wp-content\/uploads\/2025\/04\/Notas_Edo_fin.pdf\" target=\"_blank\" rel=\"noopener\"><strong>Notas a los Estados Financieros<\/strong><\/a><\/p>\n","protected":false},"excerpt":{"rendered":"<p>Estados Presupuestales Estado anal\u00edtico del ejercicio del presupuesto de egresos en clasificaci\u00f3n administrativa (armonizado) Estado anal\u00edtico del ejercicio del presupuesto de egresos en clasificaci\u00f3n econ\u00f3mica (armonizado) Estado anal\u00edtico del ejercicio &#8230;<\/p>\n","protected":false},"author":1,"featured_media":0,"parent":0,"menu_order":0,"comment_status":"closed","ping_status":"closed","template":"","meta":{"footnotes":""},"class_list":["post-87","page","type-page","status-publish","hentry"],"_links":{"self":[{"href":"https:\/\/siapatam.com\/index.php\/wp-json\/wp\/v2\/pages\/87","targetHints":{"allow":["GET"]}}],"collection":[{"href":"https:\/\/siapatam.com\/index.php\/wp-json\/wp\/v2\/pages"}],"about":[{"href":"https:\/\/siapatam.com\/index.php\/wp-json\/wp\/v2\/types\/page"}],"author":[{"embeddable":true,"href":"https:\/\/siapatam.com\/index.php\/wp-json\/wp\/v2\/users\/1"}],"replies":[{"embeddable":true,"href":"https:\/\/siapatam.com\/index.php\/wp-json\/wp\/v2\/comments?post=87"}],"version-history":[{"count":6,"href":"https:\/\/siapatam.com\/index.php\/wp-json\/wp\/v2\/pages\/87\/revisions"}],"predecessor-version":[{"id":481,"href":"https:\/\/siapatam.com\/index.php\/wp-json\/wp\/v2\/pages\/87\/revisions\/481"}],"wp:attachment":[{"href":"https:\/\/siapatam.com\/index.php\/wp-json\/wp\/v2\/media?parent=87"}],"curies":[{"name":"wp","href":"https:\/\/api.w.org\/{rel}","templated":true}]}}