{"id":81,"date":"2025-03-27T16:47:06","date_gmt":"2025-03-27T16:47:06","guid":{"rendered":"https:\/\/siapatam.com\/?page_id=81"},"modified":"2026-02-27T20:40:10","modified_gmt":"2026-02-27T20:40:10","slug":"contabilidad-del-organismo","status":"publish","type":"page","link":"https:\/\/siapatam.com\/index.php\/contabilidad-del-organismo\/","title":{"rendered":"Contabilidad del organismo"},"content":{"rendered":"<p><strong>Normatividad<\/strong><\/p>\n<p><a href=\"https:\/\/www.conac.gob.mx\/es\/CONAC\/Normatividad_Vigente\" target=\"_blank\" rel=\"noopener\">CONAC Normatividad Vigente<\/a><\/p>\n<p><a class=\"customize-unpreviewable\" href=\"https:\/\/www.conac.gob.mx\/work\/models\/CONAC\/normatividad\/NOR_01_17_001.pdf\" target=\"_blank\" rel=\"noopener\">Ley General de\u00a0 Contabilidad Gubernamental<\/a><\/p>\n<p><a class=\"customize-unpreviewable\" href=\"https:\/\/www.conac.gob.mx\/work\/models\/CONAC\/normatividad\/NOR_01_18_001.pdf\" target=\"_blank\" rel=\"noopener\">Manual de Contabilidad Gubernamental<\/a><\/p>\n<p><strong>A\u00f1o 2020<\/strong><\/p>\n<p><a href=\"https:\/\/siapatam.com\/wp-content\/uploads\/2025\/03\/1er.IAGF_.2020.pdf\" target=\"_blank\" rel=\"noopener\">Avance de Gesti\u00f3n financiera 1er Semestre<\/a><\/p>\n<p><a href=\"https:\/\/siapatam.com\/wp-content\/uploads\/2025\/03\/2o.IAGF_.2020.pdf\" target=\"_blank\" rel=\"noopener\">Avance de Gesti\u00f3n financiera 2o Semestre<\/a><\/p>\n<p><strong>A\u00d1O 2021<\/strong><\/p>\n<p><a href=\"https:\/\/siapatam.com\/wp-content\/uploads\/2025\/03\/1er.-IAGF.2021.pdf\" target=\"_blank\" rel=\"noopener\">Avance de Gesti\u00f3n financiera 1er Semestre<\/a><\/p>\n<p><a href=\"https:\/\/siapatam.com\/wp-content\/uploads\/2025\/03\/2o.-IAGF.2021.pdf\" target=\"_blank\" rel=\"noopener\">Avance de Gesti\u00f3n financiera 2o Semestre<\/a><\/p>\n<p><strong>A\u00d1O 2022<\/strong><\/p>\n<p><a href=\"https:\/\/siapatam.com\/wp-content\/uploads\/2025\/03\/1er.IAGF_.2022.pdf\" target=\"_blank\" rel=\"noopener\">Avance de Gesti\u00f3n financiera 1er Semestre<\/a><\/p>\n<p><a href=\"https:\/\/siapatam.com\/wp-content\/uploads\/2025\/03\/2a.IAGF_.2022.pdf\" target=\"_blank\" rel=\"noopener\">Avance de Gesti\u00f3n financiera 2o Semestre<\/a><\/p>\n<p><strong>A\u00d1O 2023<\/strong><\/p>\n<p><a href=\"https:\/\/siapatam.com\/wp-content\/uploads\/2025\/03\/1er.-IAGF.2023.pdf\" target=\"_blank\" rel=\"noopener\">Avance de Gesti\u00f3n financiera 1er Semestre<\/a><\/p>\n<p><a href=\"https:\/\/siapatam.com\/wp-content\/uploads\/2025\/03\/2o.-IAGF.2023.pdf\" target=\"_blank\" rel=\"noopener\">Avance de Gesti\u00f3n financiera 2o Semestre<\/a><\/p>\n<p><strong>A\u00d1O 2024<\/strong><\/p>\n<p><a href=\"https:\/\/siapatam.com\/wp-content\/uploads\/2025\/03\/1er.-IAGF.2024.pdf\" target=\"_blank\" rel=\"noopener\">Avance de Gesti\u00f3n financiera 1er Semestre<\/a><\/p>\n<p><a href=\"https:\/\/siapatam.com\/wp-content\/uploads\/2025\/03\/2o.IAGF_.2024.pdf\" target=\"_blank\" rel=\"noopener\">Avance de Gesti\u00f3n financiera 2o Semestre<\/a><\/p>\n<p><strong>A\u00d1O 2025<\/strong><\/p>\n<p><a href=\"https:\/\/siapatam.com\/wp-content\/uploads\/2026\/02\/Avance-de-Gestion-financiera-1er-Sementre.pdf\">Avance de Gesti\u00f3n financiera 1er Sementre<\/a><\/p>\n<p><a href=\"https:\/\/siapatam.com\/wp-content\/uploads\/2026\/02\/Avance-de-Gestion-Financiera-2o.-Semestre.pdf\">Avance de Gesti\u00f3n Financiera 2o. Semestre<\/a><\/p>\n<p><strong>SEVAC<\/strong><\/p>\n<p><a href=\"https:\/\/siapatam.com\/index.php\/sevac-2023\/\" target=\"_blank\" rel=\"noopener\">A\u00d1O 2023<\/a><\/p>\n<p><a href=\"https:\/\/siapatam.com\/index.php\/sevac-2024\/\" target=\"_blank\" rel=\"noopener\">A\u00d1O 2024<\/a><\/p>\n<p><a href=\"https:\/\/siapatam.com\/index.php\/sevac-2025\/\" target=\"_blank\" rel=\"noopener\">A\u00d1O 2025<\/a><\/p>\n","protected":false},"excerpt":{"rendered":"<p>Normatividad CONAC Normatividad Vigente Ley General de\u00a0 Contabilidad Gubernamental Manual de Contabilidad Gubernamental A\u00f1o 2020 Avance de Gesti\u00f3n financiera 1er Semestre Avance de Gesti\u00f3n financiera 2o Semestre A\u00d1O 2021 Avance &#8230;<\/p>\n","protected":false},"author":1,"featured_media":0,"parent":0,"menu_order":0,"comment_status":"closed","ping_status":"closed","template":"","meta":{"footnotes":""},"class_list":["post-81","page","type-page","status-publish","hentry"],"_links":{"self":[{"href":"https:\/\/siapatam.com\/index.php\/wp-json\/wp\/v2\/pages\/81","targetHints":{"allow":["GET"]}}],"collection":[{"href":"https:\/\/siapatam.com\/index.php\/wp-json\/wp\/v2\/pages"}],"about":[{"href":"https:\/\/siapatam.com\/index.php\/wp-json\/wp\/v2\/types\/page"}],"author":[{"embeddable":true,"href":"https:\/\/siapatam.com\/index.php\/wp-json\/wp\/v2\/users\/1"}],"replies":[{"embeddable":true,"href":"https:\/\/siapatam.com\/index.php\/wp-json\/wp\/v2\/comments?post=81"}],"version-history":[{"count":8,"href":"https:\/\/siapatam.com\/index.php\/wp-json\/wp\/v2\/pages\/81\/revisions"}],"predecessor-version":[{"id":479,"href":"https:\/\/siapatam.com\/index.php\/wp-json\/wp\/v2\/pages\/81\/revisions\/479"}],"wp:attachment":[{"href":"https:\/\/siapatam.com\/index.php\/wp-json\/wp\/v2\/media?parent=81"}],"curies":[{"name":"wp","href":"https:\/\/api.w.org\/{rel}","templated":true}]}}