{"id":77,"date":"2025-03-27T16:34:38","date_gmt":"2025-03-27T16:34:38","guid":{"rendered":"https:\/\/siapatam.com\/?page_id=77"},"modified":"2026-02-27T20:37:21","modified_gmt":"2026-02-27T20:37:21","slug":"transparencia-y-rendicion-de-cuentas","status":"publish","type":"page","link":"https:\/\/siapatam.com\/index.php\/transparencia-y-rendicion-de-cuentas\/","title":{"rendered":"Transparencia y rendici\u00f3n de cuentas"},"content":{"rendered":"<p>&nbsp;<\/p>\n<p><strong>Art\u00edculo 8. Informaci\u00f3n Fundamental \u2013 General<\/strong><\/p>\n<p><strong>I. La necesaria para el ejercicio del derecho a la informaci\u00f3n p\u00fablica<\/strong><\/p>\n<ul class=\"wp-block-list\">\n<li><a class=\"customize-unpreviewable\" href=\"https:\/\/www.itei.org.mx\/v3\/documentos\/art8-2c\/estatal\/ley_de_proteccion_de_datos.doc\" target=\"_blank\" rel=\"noreferrer noopener\">Ley de Protecci\u00f3n de Datos Personales en Posesi\u00f3n de Sujetos Obligados del Estado de Jalisco y sus Municipios<\/a><\/li>\n<li><a class=\"customize-unpreviewable\" href=\"https:\/\/www.itei.org.mx\/v3\/documentos\/art8-2c\/estatal\/Ley_de_Transparencia_y_Acceso_a_la_Informacion_Publica_del_Estado_de_Jalisco_y_sus_Municipios-180823.pdf\" target=\"_blank\" rel=\"noreferrer noopener\">Ley de Transparencia y Acceso a la Informaci\u00f3n P\u00fablica del Estado de Jalisco y sus Municipios<\/a><\/li>\n<li><a class=\"customize-unpreviewable\" href=\"https:\/\/www.itei.org.mx\/v3\/documentos\/art8-1a\/reglamento_ley_de_transparencia_2022.docx\" target=\"_blank\" rel=\"noreferrer noopener\">Reglamento de la Ley de Transparencia y Acceso a la Informaci\u00f3n P\u00fablica del Estado de Jalisco<\/a><\/li>\n<li><a class=\"customize-unpreviewable\" href=\"https:\/\/tamazuladegordiano.gob.mx\/pdf-transparencia\/2018\/febrero\/15.IV%20Iniciativas%20presentadas\/REGLAMENTO%20DE%20TRANSPARENCIA,%20PROTECCION%20DE%20DATOS%20PERSONALES%20Y%20ACCESO%20A%20LA%20INFORMACION%20PUBLICA%20GUBERNAMENTAL%202017.pdf\">Reglamento de Transparencia, protecci\u00f3n de Datos y acceso a la informaci\u00f3n de Tamazula de Gordiano, Jal.<\/a><\/li>\n<\/ul>\n<p><strong>Solicitud de acceso a la informaci\u00f3n<\/strong><\/p>\n<p>A trav\u00e9s de la\u00a0<a class=\"customize-unpreviewable\" href=\"https:\/\/www.plataformadetransparencia.org.mx\/auth\/login\">PNT Plataforma Nacional de Transparencia<\/a><\/p>\n<p>Email: transparencia@siapatam.com<\/p>\n<p>Tel\u00e9fono del organismos\u00a0 358 41 6 11 10<\/p>\n<p><strong>II. La informaci\u00f3n sobre el marco jur\u00eddico aplicable al y por el sujeto obligado<\/strong><\/p>\n<ul class=\"wp-block-list\">\n<li><a href=\"https:\/\/siapatam.com\/index.php\/legislacion-aplicable-por-el-organismo-operador-siapatam\/\" target=\"_blank\" rel=\"noopener\">Legislaci\u00f3n Aplicable por el Organismo Operador SIAPATAM<\/a><\/li>\n<\/ul>\n<p><strong>III. La informaci\u00f3n sobre la planeaci\u00f3n del desarrollo, aplicable al y por el sujeto obligado<\/strong><\/p>\n<p><a class=\"customize-unpreviewable\" href=\"https:\/\/www.gob.mx\/cms\/uploads\/attachment\/file\/966672\/pnd-completo-2025-2030.pdf\">Plan Nacional de Desarrollo<\/a><\/p>\n<p><a class=\"customize-unpreviewable\" href=\"https:\/\/plan.jalisco.gob.mx\/wp-content\/uploads\/2022\/08\/Plan-Estatal-de-Desarrollo-2a-Edicion-V0-5-02.pdf\">Plan Estatal de Desarrollo y Gobernanza<\/a><\/p>\n<p><a class=\"customize-unpreviewable\" href=\"https:\/\/tamazuladegordiano.gob.mx\/pdf-transparencia\/2022\/diciembre\/Plan%20Municipal%20de%20Desarrollo%20y%20Gobernanza%20de%20Tamazula%20de%20Gordiano%202021%20-2024-%20vision%202033.pdf\">Plan Municipal de Desarrollo y Gobernanza<\/a><\/p>\n<p><strong>IV. La informaci\u00f3n sobre la planeaci\u00f3n estrat\u00e9gica gubernamental aplicable al y por el sujeto obligado<\/strong><\/p>\n<p><a href=\"https:\/\/siapatam.com\/wp-content\/uploads\/2025\/03\/MANUAL-DE-ORGANIZACION-SIAPATAM.pdf\" target=\"_blank\" rel=\"noopener\">C)\u00a0Manuales de Organizaci\u00f3n<\/a><\/p>\n<p><strong>V. La informaci\u00f3n financiera, patrimonial y administrativa<\/strong><\/p>\n<p>a) Las partidas del Presupuesto de Egresos de la Federaci\u00f3n y del Presupuesto<br \/>\nde Egresos del Estado, as\u00ed como los conceptos del clasificador por objeto del gasto, aplicables al y por el sujeto obligado, de cuando menos los \u00faltimos tres a\u00f1os<\/p>\n<ul>\n<li>Presupuesto de egresos 2023<\/li>\n<li><a href=\"https:\/\/siapatam.com\/wp-content\/uploads\/2025\/03\/Presupuesto-Egresos-2024.pdf\" target=\"_blank\" rel=\"noopener\">Presupuesto de egresos 2024<\/a><\/li>\n<li><a href=\"https:\/\/siapatam.com\/wp-content\/uploads\/2025\/03\/rptEstadoPresupuestoEgresos2025.pdf\" target=\"_blank\" rel=\"noopener\">Presupuesto de egresos 2025<\/a><\/li>\n<li><a href=\"https:\/\/siapatam.com\/wp-content\/uploads\/2026\/02\/presupuesto-2026-aprobadoEgresos.pdf\">Presupuesto de egresos 2026<\/a><\/li>\n<\/ul>\n<p>e) El organigrama del sujeto obligado, con las modificaciones de cuando menos los \u00faltimos tres a\u00f1os, as\u00ed como la plantilla del personal del sujeto obligado, con las modificaciones de cuando menos los \u00faltimos tres a\u00f1os, en la que se incluya el n\u00famero total de plazas del personal de base, del personal de confianza y las vacantes.<\/p>\n<p><a href=\"https:\/\/siapatam.com\/wp-content\/uploads\/2025\/03\/Organigrama-1-1.pdf\" target=\"_blank\" rel=\"noopener\">Organigrama 2025<\/a><\/p>\n<p>g) Las n\u00f3minas completas del sujeto obligado, de cuando menos los \u00faltimos tres a\u00f1os, y en su caso, con sistema de b\u00fasqueda<\/p>\n<p><a href=\"https:\/\/siapatam.com\/index.php\/nominas-del-organismo\/\" target=\"_blank\" rel=\"noopener\">Nominas<\/a><\/p>\n<p>H) La agenda Diaria de actividades del sujeto obligado<\/p>\n<p><a href=\"https:\/\/siapatam.com\/index.php\/agenda-de-actividades\/\">A\u00f1o 2025<\/a><\/p>\n<p><a href=\"https:\/\/siapatam.com\/index.php\/agenda-de-actividades\/\">A\u00f1o 2026<\/a><\/p>\n<p>I) Los estados financieros mensuales, de cuando menos los \u00faltimos tres a\u00f1o<\/p>\n<p><a href=\"https:\/\/siapatam.com\/wordpress\/index.php\/contabilidad-gubernamental-del-organismo\/?customize_changeset_uuid=a036256f-7248-4b6b-a933-b17893127585&amp;customize_messenger_channel=preview-5\" data-type=\"page\" data-id=\"7\">Estados de Situaci\u00f3n Financiera<\/a><\/p>\n<p><strong>SEVAC<\/strong><\/p>\n<ul>\n<li><a href=\"https:\/\/siapatam.com\/index.php\/sevac-2023\">A\u00d1O 2023<\/a><\/li>\n<li><a href=\"https:\/\/siapatam.com\/index.php\/sevac-2024\/\" target=\"_blank\" rel=\"noopener\">A\u00d1O 2024<\/a><\/li>\n<li><a href=\"https:\/\/siapatam.com\/index.php\/sevac-2025\/\" target=\"_blank\" rel=\"noopener\">A\u00d1O 2025<\/a><\/li>\n<\/ul>\n<p>n) Las cuentas p\u00fablicas, las auditor\u00edas internas y externas, as\u00ed como los dem\u00e1s informes de gesti\u00f3n financiera del sujeto obligado, de cuando menos los \u00faltimos tres a\u00f1os<\/p>\n<p><a href=\"https:\/\/siapatam.com\/index.php\/contabilidad-del-organismo\/\" target=\"_blank\" rel=\"noopener\">Contabilidad<\/a><\/p>\n<p>\u00d1) Los padrones de proveedores, de cuando menos los \u00faltimos tres a\u00f1os<\/p>\n<ul>\n<li>A\u00d1O 2022<\/li>\n<li>A\u00d1O 2023<\/li>\n<li><a href=\"https:\/\/siapatam.com\/wp-content\/uploads\/2025\/04\/informativaProveedores2024.pdf\" target=\"_blank\" rel=\"noopener\">A\u00d1O 2024<\/a><\/li>\n<li><a href=\"https:\/\/siapatam.com\/wp-content\/uploads\/2026\/02\/Proveedores-ANO-2025.pdf\">A\u00d1O 2025<\/a><\/li>\n<\/ul>\n<p>;r) Los inventarios de bienes muebles e inmuebles del sujeto obligado, de cuando menos los \u00faltimos tres a\u00f1os, donde se se\u00f1ale cuando menos la descripci\u00f3n, el valor, el r\u00e9gimen jur\u00eddico, y el uso o afectaci\u00f3n del bien<\/p>\n<p><a href=\"https:\/\/view.officeapps.live.com\/op\/view.aspx?src=https%3A%2F%2Ftamazuladegordiano.gob.mx%2Fpdf-transparencia-2024%2Fnoviembre%2Fsevac%2FSIAPATAM%25202023%2520SEVAC%2F84.BienesMuebles2023_SIAPATAM.xls&amp;wdOrigin=BROWSELINK\" target=\"_blank\" rel=\"noopener\">Inventario bienes muebles<\/a><\/p>\n<p><strong> VII. Las versiones p\u00fablicas de las resoluciones y laudos, en procesos o procedimientos seguidos en forma de juicio y que hayan causado estado;<\/strong><\/p>\n<p><strong>VIII. Los mecanismos e instrumentos de participaci\u00f3n ciudadana que puedan acceder o ejercer ante el sujeto obligado;<\/strong><\/p>\n<p>I<strong>X. La informaci\u00f3n p\u00fablica ordinaria, proactiva o focalizada que considere el sujeto obligado<\/strong>.<\/p>\n<p><a class=\"customize-unpreviewable\" href=\"https:\/\/www.ceajalisco.gob.mx\/doc\/fichas_hidrologicas\/region9\/tamazula%20de%20gordiano.pdf\">Ficha T\u00e9cnica Hidrol\u00f3gica del municipio<\/a><\/p>\n<p><a href=\"https:\/\/files.conagua.gob.mx\/conagua\/mapas\/sgapds-1-15-libro20.pdf\" target=\"_blank\" rel=\"noopener\">Manual de Agua Potable, Alcantarillado y Saneamiento CONAGUA<\/a><\/p>\n<p><strong>X. Las condiciones generales de trabajo, contratos o convenios que regulen las relaciones laborales del personal de base o de confianza, as\u00ed como los recursos p\u00fablicos econ\u00f3micos, en especie o donativos, que sean entregados a los sindicatos y ejerzan como recursos p\u00fablicos;<\/strong><\/p>\n<p><strong>XI. Los estudios financiados con recursos p\u00fablicos;<\/strong><\/p>\n<p><strong>XII. Los ingresos recibidos por cualquier concepto se\u00f1alando el nombre de los responsables de recibirlos, administrarlos y ejercerlos, as\u00ed como su destino, indicando el destino de cada uno de ellos;<\/strong><\/p>\n<p><a href=\"https:\/\/siapatam.com\/wordpress\/index.php\/contabilidad-gubernamental-del-organismo\/?customize_changeset_uuid=a036256f-7248-4b6b-a933-b17893127585&amp;customize_messenger_channel=preview-5\" data-type=\"page\" data-id=\"7\">Estados de Situaci\u00f3n Financiera<\/a><\/p>\n<p><strong>XIII. El cat\u00e1logo de disposici\u00f3n y gu\u00eda de archivo documental; los dict\u00e1menes de baja y actas de baja documental y transferencia secundaria, programa e informe anual de desarrollo archiv\u00edstico y actas de documentaci\u00f3n siniestrada; as\u00ed como, los resultados de las auditor\u00edas archiv\u00edsticas, las determinaciones y resoluciones del Consejo Estatal de Archivos; y<\/strong><\/p>\n<p><strong>XIV. La dem\u00e1s informaci\u00f3n p\u00fablica a que obliguen las disposiciones federales y la Ley General de Contabilidad Gubernamental, as\u00ed como aquella que se genere por la ejecuci\u00f3n del gasto p\u00fablico con recursos federales.<\/strong><\/p>\n<p><strong>SEVAC<\/strong><\/p>\n<ul>\n<li><a href=\"https:\/\/siapatam.com\/index.php\/sevac-2023\">A\u00d1O 2023<\/a><\/li>\n<li><a href=\"https:\/\/siapatam.com\/index.php\/sevac-2024\/\">A\u00d1O 2024<\/a><\/li>\n<li><a href=\"https:\/\/siapatam.com\/index.php\/sevac-2025\">A\u00d1O 2025<\/a><\/li>\n<\/ul>\n<p><a href=\"https:\/\/siapatam.com\/wordpress\/index.php\/contabilidad-gubernamental-del-organismo\/?customize_changeset_uuid=a036256f-7248-4b6b-a933-b17893127585&amp;customize_messenger_channel=preview-5\" data-type=\"page\" data-id=\"7\">Estados de Situaci\u00f3n Financiera<\/a><\/p>\n","protected":false},"excerpt":{"rendered":"<p>&nbsp; Art\u00edculo 8. Informaci\u00f3n Fundamental \u2013 General I. La necesaria para el ejercicio del derecho a la informaci\u00f3n p\u00fablica Ley de Protecci\u00f3n de Datos Personales en Posesi\u00f3n de Sujetos Obligados &#8230;<\/p>\n","protected":false},"author":1,"featured_media":0,"parent":0,"menu_order":0,"comment_status":"closed","ping_status":"closed","template":"","meta":{"footnotes":""},"class_list":["post-77","page","type-page","status-publish","hentry"],"_links":{"self":[{"href":"https:\/\/siapatam.com\/index.php\/wp-json\/wp\/v2\/pages\/77","targetHints":{"allow":["GET"]}}],"collection":[{"href":"https:\/\/siapatam.com\/index.php\/wp-json\/wp\/v2\/pages"}],"about":[{"href":"https:\/\/siapatam.com\/index.php\/wp-json\/wp\/v2\/types\/page"}],"author":[{"embeddable":true,"href":"https:\/\/siapatam.com\/index.php\/wp-json\/wp\/v2\/users\/1"}],"replies":[{"embeddable":true,"href":"https:\/\/siapatam.com\/index.php\/wp-json\/wp\/v2\/comments?post=77"}],"version-history":[{"count":25,"href":"https:\/\/siapatam.com\/index.php\/wp-json\/wp\/v2\/pages\/77\/revisions"}],"predecessor-version":[{"id":477,"href":"https:\/\/siapatam.com\/index.php\/wp-json\/wp\/v2\/pages\/77\/revisions\/477"}],"wp:attachment":[{"href":"https:\/\/siapatam.com\/index.php\/wp-json\/wp\/v2\/media?parent=77"}],"curies":[{"name":"wp","href":"https:\/\/api.w.org\/{rel}","templated":true}]}}