{"id":371,"date":"2026-02-17T14:49:55","date_gmt":"2026-02-17T14:49:55","guid":{"rendered":"https:\/\/siapatam.com\/?page_id=371"},"modified":"2026-02-17T14:49:55","modified_gmt":"2026-02-17T14:49:55","slug":"sesiones-de-consejo","status":"publish","type":"page","link":"https:\/\/siapatam.com\/index.php\/sesiones-de-consejo\/","title":{"rendered":"Sesiones de Consejo"},"content":{"rendered":"<p><strong>A\u00f1o 2019<\/strong><\/p>\n<ul>\n<li><a href=\"https:\/\/siapatam.com\/wp-content\/uploads\/2026\/02\/PRIMERA-SESION-ACTA-1-31-07-2019.pdf\">PRIMERA SESI\u00d3N ACTA 1 (31-07-2019)<\/a><\/li>\n<li><a href=\"https:\/\/siapatam.com\/wp-content\/uploads\/2026\/02\/SEGUNDA-SESION-ACTA-2-22-10-2019.pdf\">SEGUNDA SESI\u00d3N ACTA 2 (22-10-2019)<\/a><\/li>\n<li><a href=\"https:\/\/siapatam.com\/wp-content\/uploads\/2026\/02\/TERCERA-SESION-ACTA-3-19-11-2019.pdf\">TERCERA SESI\u00d3N ACTA 3 (19-11-2019)<\/a><\/li>\n<li><a href=\"https:\/\/siapatam.com\/wp-content\/uploads\/2026\/02\/CURTA-SESION-ACTA-4-20-12-2019.pdf\">CUARTA SESI\u00d3N ACTA 4 (20-12-2019)<\/a><\/li>\n<\/ul>\n<p><strong>A\u00f1o 2020<\/strong><\/p>\n<ul>\n<li><a href=\"https:\/\/siapatam.com\/wp-content\/uploads\/2026\/02\/PRIMERA-SESION-ACTA-1-31-08-2020.pdf\">PRIMERA SESI\u00d3N ACTA 1 (31-08-2020)<\/a><\/li>\n<li><a href=\"https:\/\/siapatam.com\/wp-content\/uploads\/2026\/02\/SEGUNDA-SESION-ACTA-2-06-10-2020.pdf\">SEGUNDA SESI\u00d3N ACTA 2 (06-10-2020)<\/a><\/li>\n<li><a href=\"https:\/\/siapatam.com\/wp-content\/uploads\/2026\/02\/TERCERA-SESION-ACTA-3-30-11-2020.pdf\">TERCERA SESI\u00d3N ACTA 3 (30-11-2020)<\/a><\/li>\n<li><a href=\"https:\/\/siapatam.com\/wp-content\/uploads\/2026\/02\/CUARTA-SESION-ACTA-4-23-12-2020.pdf\">CUARTA SESI\u00d3N ACTA 4 (23-12-2020)<\/a><\/li>\n<li><a href=\"https:\/\/siapatam.com\/wp-content\/uploads\/2026\/02\/QUINTA-SESION-ACTA-5-19-04-2020.pdf\">QUINTA SESI\u00d3N ACTA 5 (19-04-2020)<\/a><\/li>\n<\/ul>\n<p><strong>A\u00f1o 2021<\/strong><\/p>\n<ul>\n<li><a href=\"https:\/\/siapatam.com\/wp-content\/uploads\/2026\/02\/SEGUNDA-SESION-EXTRAORDINARIA-ACTA-6-04-05-2021.pdf\">SEGUNDA SESI\u00d3N EXTRAORDINARIA ACTA 6 (04-05-2021)<\/a><\/li>\n<li><a href=\"https:\/\/siapatam.com\/wp-content\/uploads\/2026\/02\/SEXTA-SESION-ACTA-6-06-11-2021.pdf\">SEXTA SESI\u00d3N ACTA 6 (06-11-2021)<\/a><\/li>\n<li><a href=\"https:\/\/siapatam.com\/wp-content\/uploads\/2026\/02\/OCTAVA-SESION-ACTA-8-30-12-2021.pdf\">OCTAVA SESI\u00d3N ACTA 8 (30-12-2021)<\/a><\/li>\n<\/ul>\n<p><strong>A\u00f1o 2022<\/strong><\/p>\n<ul>\n<li><a href=\"https:\/\/siapatam.com\/wp-content\/uploads\/2026\/02\/ACTA-NO.-1-PRIMERA-SESION-DE-CONSEJO-DE-ADMINISTRACION-06-10-2022.pdf\">ACTA NO. 1 PRIMERA SESI\u00d3N DE CONSEJO DE ADMINISTRACI\u00d3N (06-10-2022)<\/a><\/li>\n<li><a href=\"https:\/\/siapatam.com\/wp-content\/uploads\/2026\/02\/ACTA-NO.-2-SEGUNDA-SESION-DE-CONSEJO-DE-ADMINISTRACION-30-11-2022.pdf\">ACTA NO. 2 SEGUNDA SESI\u00d3N DE CONSEJO DE ADMINISTRACI\u00d3N (30-11-2022)<\/a><\/li>\n<li><a href=\"https:\/\/siapatam.com\/wp-content\/uploads\/2026\/02\/ACTA-NO.-3-TERCERA-SESION-DE-CONSEJO-DE-ADMINISTRACION-21-12-2022.pdf\">ACTA NO. 3 TERCERA SESI\u00d3N DE CONSEJO DE ADMINISTRACI\u00d3N (21-12-2022)<\/a><\/li>\n<\/ul>\n<p><strong>A\u00f1o 2023<\/strong><\/p>\n<ul>\n<li><a href=\"https:\/\/siapatam.com\/wp-content\/uploads\/2026\/02\/ACTA-NO.-2-SESION-DE-CONSEJO-DE-ADMINISTRACION-20-04-2023.pdf\">ACTA NO. 2 SESI\u00d3N DE CONSEJO DE ADMINISTRACI\u00d3N ( 20-04-2023)<\/a><\/li>\n<li><a href=\"https:\/\/siapatam.com\/wp-content\/uploads\/2026\/02\/ACTA-NO.-2-SESION-DE-CARACTER-EXTRAORDINARIO-22-02-2023.pdf\">ACTA NO. 2 SESI\u00d3N DE CAR\u00c1CTER EXTRAORDINARIO (22-02-2023)<\/a><\/li>\n<li><a href=\"https:\/\/siapatam.com\/wp-content\/uploads\/2026\/02\/ACTA-3ERA.-SESION-CONSEJO-DE-ADMINISTRACION-12-09-2023.pdf\">ACTA 3ERA. SESI\u00d3N CONSEJO DE ADMINISTRACI\u00d3N (12-09-2023)<\/a><\/li>\n<li><a href=\"https:\/\/siapatam.com\/wp-content\/uploads\/2026\/02\/ACTA-NO.-4-SESION-DE-CONSEJO-DE-ADMINISTRACION-28-09-2023.pdf\">ACTA NO. 4 SESI\u00d3N DE CONSEJO DE ADMINISTRACI\u00d3N (28-09-2023)<\/a><\/li>\n<li><a href=\"https:\/\/siapatam.com\/wp-content\/uploads\/2026\/02\/ACTA-NO.-5-SESION-DE-CONSEJO-DE-ADMINISTRACION-06-11-2023.pdf\">ACTA NO. 5 SESI\u00d3N DE CONSEJO DE ADMINISTRACI\u00d3N (06-11-2023)<\/a><\/li>\n<li><a href=\"https:\/\/siapatam.com\/wp-content\/uploads\/2026\/02\/ACTA-NO.-6-SESION-DE-CONSEJO-DE-ADMINISTRACION-13-12-2023.pdf\">ACTA NO. 6 SESI\u00d3N DE CONSEJO DE ADMINISTRACI\u00d3N (13-12-2023)<\/a><\/li>\n<\/ul>\n<p><strong>A\u00f1o 2024<\/strong><\/p>\n<ul>\n<li><a href=\"https:\/\/siapatam.com\/wp-content\/uploads\/2026\/02\/ACTA-NO.-7-CONSEJO-DE-ADMINISTRACION-24-04-24.pdf\">ACTA NO. 7 CONSEJO DE ADMINISTRACI\u00d3N (24-04-24)<\/a><\/li>\n<li><a href=\"https:\/\/siapatam.com\/wp-content\/uploads\/2026\/02\/ACTA-NO.-8-CONSEJO-DE-ADMINISTRACION-28-05-2024.pdf\">ACTA NO. 8 CONSEJO DE ADMINISTRACI\u00d3N (28-05-2024)<\/a><\/li>\n<li><a href=\"https:\/\/siapatam.com\/wp-content\/uploads\/2026\/02\/ACTA-NO.-9-CONSEJO-DE-ADMINISTRACION-01-07-2024.pdf\">ACTA NO. 9 CONSEJO DE ADMINISTRACI\u00d3N (01-07-2024)<\/a><\/li>\n<li><a href=\"https:\/\/siapatam.com\/wp-content\/uploads\/2026\/02\/ACTA-NO.-10-CONSEJO-DE-ADMINISTRACION-23-09-2024.pdf\">ACTA NO. 10 CONSEJO DE ADMINISTRACI\u00d3N (23-09-2024)<\/a><\/li>\n<\/ul>\n<p><strong>A\u00f1o 2025<\/strong><\/p>\n<ul>\n<li><a href=\"https:\/\/siapatam.com\/wp-content\/uploads\/2026\/02\/ACTA-DE-CONSEJO-PRIMERA-SESION-25-07-2025.pdf\">ACTA DE CONSEJO PRIMERA SESI\u00d3N (25-07-2025)<\/a><\/li>\n<li><a href=\"https:\/\/siapatam.com\/wp-content\/uploads\/2026\/02\/ACTA-DE-CONSEJO-PRIMERA-SESION-31-07-2025.pdf\">ACTA DE CONSEJO PRIMERA SESI\u00d3N (31-07-2025)<\/a><\/li>\n<li><a href=\"https:\/\/siapatam.com\/wp-content\/uploads\/2026\/02\/CONTINUACION-DE-LA-PRIMERA-SESION-01-08-2025.pdf\">CONTINUACI\u00d3N DE LA PRIMERA SESI\u00d3N (01-08-2025)<\/a><\/li>\n<li><a href=\"https:\/\/siapatam.com\/wp-content\/uploads\/2026\/02\/CONTINUACION-DE-SEGUNDA-SESION-13-08-2025.pdf\">CONTINUACI\u00d3N DE SEGUNDA SESI\u00d3N (13-08-2025)<\/a><\/li>\n<\/ul>\n","protected":false},"excerpt":{"rendered":"<p>A\u00f1o 2019 PRIMERA SESI\u00d3N ACTA 1 (31-07-2019) SEGUNDA SESI\u00d3N ACTA 2 (22-10-2019) TERCERA SESI\u00d3N ACTA 3 (19-11-2019) CUARTA SESI\u00d3N ACTA 4 (20-12-2019) A\u00f1o 2020 PRIMERA SESI\u00d3N ACTA 1 (31-08-2020) SEGUNDA &#8230;<\/p>\n","protected":false},"author":1,"featured_media":0,"parent":0,"menu_order":0,"comment_status":"closed","ping_status":"closed","template":"","meta":{"footnotes":""},"class_list":["post-371","page","type-page","status-publish","hentry"],"_links":{"self":[{"href":"https:\/\/siapatam.com\/index.php\/wp-json\/wp\/v2\/pages\/371","targetHints":{"allow":["GET"]}}],"collection":[{"href":"https:\/\/siapatam.com\/index.php\/wp-json\/wp\/v2\/pages"}],"about":[{"href":"https:\/\/siapatam.com\/index.php\/wp-json\/wp\/v2\/types\/page"}],"author":[{"embeddable":true,"href":"https:\/\/siapatam.com\/index.php\/wp-json\/wp\/v2\/users\/1"}],"replies":[{"embeddable":true,"href":"https:\/\/siapatam.com\/index.php\/wp-json\/wp\/v2\/comments?post=371"}],"version-history":[{"count":6,"href":"https:\/\/siapatam.com\/index.php\/wp-json\/wp\/v2\/pages\/371\/revisions"}],"predecessor-version":[{"id":406,"href":"https:\/\/siapatam.com\/index.php\/wp-json\/wp\/v2\/pages\/371\/revisions\/406"}],"wp:attachment":[{"href":"https:\/\/siapatam.com\/index.php\/wp-json\/wp\/v2\/media?parent=371"}],"curies":[{"name":"wp","href":"https:\/\/api.w.org\/{rel}","templated":true}]}}