{"id":320,"date":"2025-05-27T15:15:24","date_gmt":"2025-05-27T15:15:24","guid":{"rendered":"https:\/\/siapatam.com\/?page_id=320"},"modified":"2026-03-04T17:12:17","modified_gmt":"2026-03-04T17:12:17","slug":"agenda-de-actividades","status":"publish","type":"page","link":"https:\/\/siapatam.com\/index.php\/agenda-de-actividades\/","title":{"rendered":"Agenda de Actividades"},"content":{"rendered":"<p>Art\u00edculo 8. Fracci\u00f3n VI &#8211; Inciso h ) La agenda diaria de actividades del sujeto obligado<\/p>\n<p><strong>A\u00d1O 2025<\/strong><\/p>\n<p style=\"padding-left: 40px;\">ENERO<\/p>\n<p style=\"padding-left: 40px;\">FEBRERO<\/p>\n<p style=\"padding-left: 40px;\">MARZO<\/p>\n<p style=\"padding-left: 40px;\"><a href=\"https:\/\/siapatam.com\/wp-content\/uploads\/2025\/05\/agenda1.pdf\">ABRIL<\/a><\/p>\n<p style=\"padding-left: 40px;\"><a href=\"https:\/\/siapatam.com\/wp-content\/uploads\/2025\/07\/Agenda-de-actividades-DG-SIAPATAM-mayo-2025.pdf\" target=\"_blank\" rel=\"noopener\">MAYO<\/a><\/p>\n<p style=\"padding-left: 40px;\"><a href=\"https:\/\/siapatam.com\/wp-content\/uploads\/2025\/07\/Agenda-de-actividades-DG-SIAPATAM-junio-2025.pdf\" target=\"_blank\" rel=\"noopener\">JUNIO<\/a><\/p>\n<p style=\"padding-left: 40px;\">JULIO<\/p>\n<p style=\"padding-left: 40px;\">AGOSTO<\/p>\n<p style=\"padding-left: 40px;\"><a href=\"https:\/\/siapatam.com\/wp-content\/uploads\/2025\/11\/Agenda_Direccion_Septiembre_2025.pdf\" target=\"_blank\" rel=\"noopener\">SEPTIEMBRE<\/a><\/p>\n<p style=\"padding-left: 40px;\"><a href=\"https:\/\/siapatam.com\/wp-content\/uploads\/2025\/11\/Agenda_Direccion_Octubre_2025.pdf\" target=\"_blank\" rel=\"noopener\">OCTUBRE<\/a><\/p>\n<p style=\"padding-left: 40px;\"><a href=\"https:\/\/siapatam.com\/wp-content\/uploads\/2025\/12\/Calendario_Noviembre_2025.pdf\" target=\"_blank\" rel=\"noopener\">NOVIEMBRE<\/a><\/p>\n<p style=\"padding-left: 40px;\"><a href=\"https:\/\/siapatam.com\/wp-content\/uploads\/2026\/02\/Agenda_Diciembre_2025_Direccion.pdf\">DICIEMBRE<\/a><\/p>\n<p><strong>A\u00d1O 2026<\/strong><\/p>\n<p style=\"padding-left: 40px;\"><a href=\"https:\/\/siapatam.com\/wp-content\/uploads\/2026\/02\/Calendario_Enero_2026_Direccion_SIAPATAM.pdf\">ENERO<\/a><\/p>\n<p style=\"padding-left: 40px;\"><a href=\"https:\/\/siapatam.com\/wp-content\/uploads\/2026\/03\/Calendario_Actividades_Febrero_2026_Direccion.pdf\">FEBRERO<\/a><\/p>\n","protected":false},"excerpt":{"rendered":"<p>Art\u00edculo 8. Fracci\u00f3n VI &#8211; Inciso h ) La agenda diaria de actividades del sujeto obligado A\u00d1O 2025 ENERO FEBRERO MARZO ABRIL MAYO JUNIO JULIO AGOSTO SEPTIEMBRE OCTUBRE NOVIEMBRE DICIEMBRE &#8230;<\/p>\n","protected":false},"author":1,"featured_media":0,"parent":0,"menu_order":0,"comment_status":"closed","ping_status":"closed","template":"","meta":{"footnotes":""},"class_list":["post-320","page","type-page","status-publish","hentry"],"_links":{"self":[{"href":"https:\/\/siapatam.com\/index.php\/wp-json\/wp\/v2\/pages\/320","targetHints":{"allow":["GET"]}}],"collection":[{"href":"https:\/\/siapatam.com\/index.php\/wp-json\/wp\/v2\/pages"}],"about":[{"href":"https:\/\/siapatam.com\/index.php\/wp-json\/wp\/v2\/types\/page"}],"author":[{"embeddable":true,"href":"https:\/\/siapatam.com\/index.php\/wp-json\/wp\/v2\/users\/1"}],"replies":[{"embeddable":true,"href":"https:\/\/siapatam.com\/index.php\/wp-json\/wp\/v2\/comments?post=320"}],"version-history":[{"count":10,"href":"https:\/\/siapatam.com\/index.php\/wp-json\/wp\/v2\/pages\/320\/revisions"}],"predecessor-version":[{"id":487,"href":"https:\/\/siapatam.com\/index.php\/wp-json\/wp\/v2\/pages\/320\/revisions\/487"}],"wp:attachment":[{"href":"https:\/\/siapatam.com\/index.php\/wp-json\/wp\/v2\/media?parent=320"}],"curies":[{"name":"wp","href":"https:\/\/api.w.org\/{rel}","templated":true}]}}