{"id":288,"date":"2025-04-01T16:13:22","date_gmt":"2025-04-01T16:13:22","guid":{"rendered":"https:\/\/siapatam.com\/?page_id=288"},"modified":"2026-02-13T17:11:34","modified_gmt":"2026-02-13T17:11:34","slug":"cuotas-y-tarifas","status":"publish","type":"page","link":"https:\/\/siapatam.com\/index.php\/cuotas-y-tarifas\/","title":{"rendered":"Cuotas y tarifas"},"content":{"rendered":"<h4><img loading=\"lazy\" decoding=\"async\" class=\"alignleft\" src=\"https:\/\/siapatam.com\/wp-content\/uploads\/2025\/03\/logo1.jpeg\" width=\"120\" height=\"113\" \/>Cuotas y tarifas que deber\u00e1n pagar los usuarios como contraprestaci\u00f3n por los servicios p\u00fablicos de agua potable, drenaje, alcantarillado, tratamiento y disposici\u00f3n final de sus aguas residuales, que reciben a trav\u00e9s del Sistema de Agua Potable y Alcantarillado de Tamazula de Gordiano (SIAPATAM)<\/h4>\n<p>&nbsp;<\/p>\n<p>De conformidad con el art\u00edculo 85-Bis, fracci\u00f3n VI de la Ley del Agua para el Estado de Jalisco y sus Municipios, con fecha 30 de mayo del 2019, el H. Ayuntamiento Constitucional de Tamazula de Gordiano, Jalisco, aprueba el Reglamento para la prestaci\u00f3n de los servicios de agua potable, alcantarillado y saneamiento del Municipio de Tamazula de Gordiano, Jalisco, en el que se establecen las disposiciones para integrar y operar la Comisi\u00f3n Tarifaria.<\/p>\n<p>De acuerdo con los art\u00edculos 51, fracci\u00f3n III; 52, fracci\u00f3n XV; y 63, fracci\u00f3n IV de la Ley del Agua para el Estado de Jalisco y sus Municipios; as\u00ed como lo establecido en los art\u00edculos 61 y 62, fracci\u00f3n VIII del Reglamento para la prestaci\u00f3n de los servicios de agua potable, alcantarillado y saneamiento del Municipio de Tamazula de Gordiano, Jalisco, corresponde a la Comisi\u00f3n Tarifaria la realizaci\u00f3n de estudios financieros y la aprobaci\u00f3n de cuotas y tarifas que deber\u00e1n pagar los usuarios como contraprestaci\u00f3n por los servicios p\u00fablicos de agua potable, drenaje, alcantarillado, tratamiento y disposici\u00f3n final de sus aguas residuales, que reciben a trav\u00e9s del Sistema de Agua Potable y Alcantarillado de Tamazula de Gordiano (SIAPATAM).<\/p>\n<p><strong><a href=\"https:\/\/siapatam.com\/wp-content\/uploads\/2025\/04\/RESOLUTIVO-2023-OKK.pdf\" target=\"_blank\" rel=\"noopener\">Resolutivo Tarifas a\u00f1o 2023<\/a><\/strong><\/p>\n<p><strong><a href=\"https:\/\/siapatam.com\/wp-content\/uploads\/2025\/04\/resolutivo-2024.pdf\" target=\"_blank\" rel=\"noopener\">Resolutivo Tarifas a\u00f1o 2024<\/a><\/strong><\/p>\n<p><strong><a href=\"https:\/\/siapatam.com\/wp-content\/uploads\/2025\/04\/RESOLUTIVO-2025.pdf\" target=\"_blank\" rel=\"noopener\">Resolutivo Tarifas a\u00f1o 2025<\/a><\/strong><\/p>\n<p><strong><a href=\"https:\/\/siapatam.com\/wp-content\/uploads\/2026\/02\/resolutivo-2026.pdf\">Resolutivo Tarifas a\u00f1o 2026<\/a><\/strong><\/p>\n","protected":false},"excerpt":{"rendered":"<p>Cuotas y tarifas que deber\u00e1n pagar los usuarios como contraprestaci\u00f3n por los servicios p\u00fablicos de agua potable, drenaje, alcantarillado, tratamiento y disposici\u00f3n final de sus aguas residuales, que reciben a &#8230;<\/p>\n","protected":false},"author":1,"featured_media":0,"parent":0,"menu_order":0,"comment_status":"closed","ping_status":"closed","template":"","meta":{"footnotes":""},"class_list":["post-288","page","type-page","status-publish","hentry"],"_links":{"self":[{"href":"https:\/\/siapatam.com\/index.php\/wp-json\/wp\/v2\/pages\/288","targetHints":{"allow":["GET"]}}],"collection":[{"href":"https:\/\/siapatam.com\/index.php\/wp-json\/wp\/v2\/pages"}],"about":[{"href":"https:\/\/siapatam.com\/index.php\/wp-json\/wp\/v2\/types\/page"}],"author":[{"embeddable":true,"href":"https:\/\/siapatam.com\/index.php\/wp-json\/wp\/v2\/users\/1"}],"replies":[{"embeddable":true,"href":"https:\/\/siapatam.com\/index.php\/wp-json\/wp\/v2\/comments?post=288"}],"version-history":[{"count":5,"href":"https:\/\/siapatam.com\/index.php\/wp-json\/wp\/v2\/pages\/288\/revisions"}],"predecessor-version":[{"id":357,"href":"https:\/\/siapatam.com\/index.php\/wp-json\/wp\/v2\/pages\/288\/revisions\/357"}],"wp:attachment":[{"href":"https:\/\/siapatam.com\/index.php\/wp-json\/wp\/v2\/media?parent=288"}],"curies":[{"name":"wp","href":"https:\/\/api.w.org\/{rel}","templated":true}]}}