{"id":228,"date":"2025-03-30T23:47:22","date_gmt":"2025-03-30T23:47:22","guid":{"rendered":"https:\/\/siapatam.com\/?page_id=228"},"modified":"2025-03-31T00:05:38","modified_gmt":"2025-03-31T00:05:38","slug":"aviso-de-privacidad","status":"publish","type":"page","link":"https:\/\/siapatam.com\/index.php\/aviso-de-privacidad\/","title":{"rendered":"Aviso de Privacidad"},"content":{"rendered":"<h3><img loading=\"lazy\" decoding=\"async\" class=\"\" src=\"https:\/\/siapatam.com\/wp-content\/uploads\/2025\/03\/logo1.jpeg\" width=\"113\" height=\"106\" \/>AVISO DE PRIVACIDAD INTEGRAL<\/h3>\n<p>SIAPATAM SISTEMA DE AGUA POTABLE Y ALCANTARILLADO DE TAMAZULA DE GORDIANO, JAL., con domicilio en Calle Ram\u00f3n Corona No,486 colonia Centro en Tamazula de Gordiano, Jalisco, C\u00f3digo Postal 4960, es el responsable del uso y protecci\u00f3n de sus datos personales, y al respecto le informa lo siguiente:<\/p>\n<p>Los datos personales se refieren a la informaci\u00f3n concerniente a una persona f\u00edsica identificada o identificable, siendo los datos personales sensibles aquellos que afectan a la esfera m\u00e1s \u00edntima de su titular o cuya utilizaci\u00f3n indebida pueda dar origen a discriminaci\u00f3n o conlleve un riesgo grave para \u00e9ste.<\/p>\n<p>El tratamiento de sus datos personales se realiza con fundamento en lo establecido en el art\u00edculo 3. 1. Fracciones III, XXXII y 87. 1. Fracciones I y X de la Ley de Protecci\u00f3n de Datos personales en posesi\u00f3n de sujetos obligados del estado de Jalisco y sus Municipios, los datos personales que ser\u00e1n sometidos a tratamiento por este organismo operador SIAPATAM. son: nombre, edad, sexo, fotograf\u00eda, estado civil, nacionalidad, domicilio, tel\u00e9fono, correo electr\u00f3nico, firma, Clave \u00danica de Registro de Poblaci\u00f3n, Registro Federal de Contribuyentes, grado de estudios, ingresos, actividad econ\u00f3mica, cuenta bancaria, datos patrimoniales. c\u00e9dula profesional, t\u00edtulos, datos laborales, y los datos sensibles como huella digital, y los relativos al estado de salud, historial m\u00e9dico, enfermedades, y discapacidades.<\/p>\n<p>Los datos personales ser\u00e1n protegidos, incorporados y tratados en las diferentes \u00e1reas administrativas que integran la estructura org\u00e1nica del SIAPATAM, el tratamiento de sus datos personales se realiza con fundamento en lo establecido en el art\u00edculo 6, Apartado A, fracci\u00f3n II de la Constituci\u00f3n Pol\u00edtica de los Estados Unidos Mexicanos; en el art\u00edculo 9, fracci\u00f3n V, de la Constituci\u00f3n Pol\u00edtica del Estado de Jalisco; en el art\u00edculo 30 de la Ley de Transparencia y Acceso a la Informaci\u00f3n P\u00fablica del Estado de Jalisco y sus Municipios; y en los art\u00edculos 3 punto 1, fracciones III y XXXII, 10, 19 punto 2, y 24, de la Ley de Protecci\u00f3n de Datos Personales en Posesi\u00f3n de Sujetos Obligados Del Estado de Jalisco y sus Municipios, dichos datos podr\u00e1n ser recabados, directa o indirectamente, por medios electr\u00f3nicos, por escrito y por v\u00eda telef\u00f3nica, los datos personales que usted proporcione al SIAPATAM, ser\u00e1n \u00fanica y exclusivamente utilizados para llevar a cabo la prestaci\u00f3n del Servicio de Agua Potable y Alcantarillado con la finalidad de dar inicio, seguimiento y conclusi\u00f3n a los tr\u00e1mites, solicitudes y servicios requeridos por los ciudadanos.<\/p>\n<p>Ejercicio de los derechos ARCO, revocaci\u00f3n del consentimiento de uso y\/o limitaci\u00f3n de uso y divulgaci\u00f3n de datos personales.<\/p>\n<p>El titular de los datos personales, podr\u00e1 ejercer los derechos de acceso, rectificaci\u00f3n, cancelaci\u00f3n y oposici\u00f3n al tratamiento de sus datos personales de conformidad a lo dispuesto en los art\u00edculos 47 al 62 de la Ley de Protecci\u00f3n de Datos Personales en Posesi\u00f3n de Sujetos Obligados del Estado de Jalisco y sus Municipios, mediante la presentaci\u00f3n de solicitud de ejercicio de derechos ARCO de forma f\u00edsica ante EL Titular de Transparencia de este organismo o via electr\u00f3nica a trav\u00e9s del correo <a href=\"mailto:transparencia@siapatam.gob.mx\">transparencia@siapatam.gob.mx<\/a><\/p>\n<p>No se requerir\u00e1 autorizaci\u00f3n del titular de los datos personales para transferirlos a terceros, cuando:<\/p>\n<ol>\n<li>Los datos personales se encuentren en registros p\u00fablicos o en fuentes de acceso p\u00fablico;<\/li>\n<li>Los datos personales sean solicitados a este Gobierno Municipal mediante orden judicial;<\/li>\n<li>Se tenga consentimiento por escrito de no confidencialidad emitido por el titular de los datos personales;<\/li>\n<li>\u00a0Los datos personales del titular sean necesarios para fines estad\u00edsticos, cient\u00edficos o de inter\u00e9s general por la ley y no pueda asociarse el correo electr\u00f3nico con el titular;<\/li>\n<li>\u00a0Los datos personales sean necesarios para la prevenci\u00f3n, diagn\u00f3stico o atenci\u00f3n m\u00e9dica del titular de los datos personales;<\/li>\n<li>\u00a0Se transmita entre autoridades estatales y municipales en ejercicio de sus atribuciones;<\/li>\n<li>\u00a0Se transmita a terceros para fines p\u00fablicos espec\u00edficos, sin que pueda utilizarse para distintos fines;<\/li>\n<li>\u00a0Los datos personales est\u00e9n relacionados con el otorgamiento de est\u00edmulos, apoyos, subsidios y recursos p\u00fablicos;<\/li>\n<li>\u00a0Sea necesaria para el otorgamiento de concesiones, autorizaciones, licencias o permisos, y<\/li>\n<li>\u00a0Sea considerada como no confidencial por disposici\u00f3n legal expresa.<\/li>\n<\/ol>\n<p>As\u00ed como cualquier otro de los supuestos establecidos en los art\u00edculos 15 y 75 de la Ley de Protecci\u00f3n de Datos Personales en Posesi\u00f3n de Sujetos Obligados del Estado de Jalisco y sus Municipios.<\/p>\n<p>Cualquier cambio al presente aviso de privacidad se har\u00e1 del conocimiento de los titulares de la informaci\u00f3n confidencial, a trav\u00e9s de la p\u00e1gina de internet de este sujeto obligado<\/p>\n","protected":false},"excerpt":{"rendered":"<p>AVISO DE PRIVACIDAD INTEGRAL SIAPATAM SISTEMA DE AGUA POTABLE Y ALCANTARILLADO DE TAMAZULA DE GORDIANO, JAL., con domicilio en Calle Ram\u00f3n Corona No,486 colonia Centro en Tamazula de Gordiano, Jalisco, &#8230;<\/p>\n","protected":false},"author":1,"featured_media":0,"parent":0,"menu_order":0,"comment_status":"closed","ping_status":"closed","template":"","meta":{"footnotes":""},"class_list":["post-228","page","type-page","status-publish","hentry"],"_links":{"self":[{"href":"https:\/\/siapatam.com\/index.php\/wp-json\/wp\/v2\/pages\/228","targetHints":{"allow":["GET"]}}],"collection":[{"href":"https:\/\/siapatam.com\/index.php\/wp-json\/wp\/v2\/pages"}],"about":[{"href":"https:\/\/siapatam.com\/index.php\/wp-json\/wp\/v2\/types\/page"}],"author":[{"embeddable":true,"href":"https:\/\/siapatam.com\/index.php\/wp-json\/wp\/v2\/users\/1"}],"replies":[{"embeddable":true,"href":"https:\/\/siapatam.com\/index.php\/wp-json\/wp\/v2\/comments?post=228"}],"version-history":[{"count":6,"href":"https:\/\/siapatam.com\/index.php\/wp-json\/wp\/v2\/pages\/228\/revisions"}],"predecessor-version":[{"id":237,"href":"https:\/\/siapatam.com\/index.php\/wp-json\/wp\/v2\/pages\/228\/revisions\/237"}],"wp:attachment":[{"href":"https:\/\/siapatam.com\/index.php\/wp-json\/wp\/v2\/media?parent=228"}],"curies":[{"name":"wp","href":"https:\/\/api.w.org\/{rel}","templated":true}]}}